{"id":8498,"date":"2022-01-30T19:17:44","date_gmt":"2022-01-30T16:17:44","guid":{"rendered":"https:\/\/ayshenia.com\/tr\/?page_id=8498"},"modified":"2022-02-08T01:59:45","modified_gmt":"2022-02-07T22:59:45","slug":"biz-kimiz","status":"publish","type":"page","link":"https:\/\/ayshenia.com\/tr\/biz-kimiz\/","title":{"rendered":"Biz Kimiz ?"},"content":{"rendered":"\t\t<div data-elementor-type=\"wp-page\" data-elementor-id=\"8498\" class=\"elementor elementor-8498\">\n\t\t\t\t\t\t<section class=\"wd-negative-gap elementor-section elementor-top-section elementor-element elementor-element-5d521fe4 elementor-section-content-middle elementor-section-boxed elementor-section-height-default elementor-section-height-default\" data-id=\"5d521fe4\" data-element_type=\"section\" data-e-type=\"section\">\n\t\t\t\t\t\t<div class=\"elementor-container elementor-column-gap-default\">\n\t\t\t\t\t<div class=\"elementor-column elementor-col-50 elementor-top-column elementor-element elementor-element-7b8472bb\" data-id=\"7b8472bb\" data-element_type=\"column\" data-e-type=\"column\">\n\t\t\t<div class=\"elementor-widget-wrap elementor-element-populated\">\n\t\t\t\t\t\t<div class=\"elementor-element elementor-element-a8315e2 wd-width-100 elementor-invisible elementor-widget elementor-widget-wd_title\" data-id=\"a8315e2\" data-element_type=\"widget\" data-e-type=\"widget\" data-settings=\"{&quot;_animation&quot;:&quot;fadeInDown&quot;}\" data-widget_type=\"wd_title.default\">\n\t\t\t\t<div class=\"elementor-widget-container\">\n\t\t\t\t\t\t\t<div class=\"title-wrapper wd-set-mb reset-last-child wd-title-color-default wd-title-style-default wd-title-size-default text-left\">\n\n\t\t\t\n\t\t\t<div class=\"liner-continer\">\n\t\t\t\t<h4 class=\"woodmart-title-container title wd-fontsize-l\">Biz Kimiz ?<\/h4> \n\t\t\t\t\t\t\t<\/div>\n\n\t\t\t\t\t<\/div>\n\t\t\t\t\t\t<\/div>\n\t\t\t\t<\/div>\n\t\t\t\t<div class=\"elementor-element elementor-element-7497d445 wd-width-100 elementor-invisible elementor-widget elementor-widget-wd_title\" data-id=\"7497d445\" data-element_type=\"widget\" data-e-type=\"widget\" data-settings=\"{&quot;_animation&quot;:&quot;fadeIn&quot;,&quot;_animation_delay&quot;:150}\" data-widget_type=\"wd_title.default\">\n\t\t\t\t<div class=\"elementor-widget-container\">\n\t\t\t\t\t\t\t<div class=\"title-wrapper wd-set-mb reset-last-child wd-title-color-default wd-title-style-default wd-title-size-default text-left\">\n\n\t\t\t\n\t\t\t<div class=\"liner-continer\">\n\t\t\t\t<h3 class=\"woodmart-title-container title wd-fontsize-l wd-underline-colored\">NE <u>YAPIYORUZ ?<\/u><\/h3> \n\t\t\t\t\t\t\t<\/div>\n\n\t\t\t\t\t\t\t<div class=\"title-after_title reset-last-child wd-fontsize-xs\">\n\t\t\t\t\t<p><strong>Tedarik\u00e7i firmalarla, ithalat\u00e7\u0131 firmalar\u0131 bulu\u015fturuyoruz. AYSHENIA g\u00fcvencesiyle uluslararas\u0131 ticaretinizi birlikte yap\u0131yoruz.<\/strong><\/p><p>Bunu ger\u00e7ekle\u015ftirirken her iki taraf\u0131n da haklar\u0131n\u0131 koruyup, \u00e7\u0131karlar\u0131n\u0131 savunarak g\u00fcven ortam\u0131 i\u00e7erisinde kaliteli ticaret ger\u00e7ekle\u015ftiriyoruz. Ticaretinizin her a\u015famas\u0131nda yan\u0131nda oldu\u011fumuzu hissetmenizi sa\u011fl\u0131yor, sizi yormadan, operasyonlar\u0131 i\u015f birli\u011fi i\u00e7erisinde oldu\u011fumuz uzmanlarla koordineli hareket edip,\u00a0 ticaretinizi sorunsuz ger\u00e7ekle\u015ftirmenizi hedefliyoruz.<\/p>\t\t\t\t<\/div>\n\t\t\t\t\t<\/div>\n\t\t\t\t\t\t<\/div>\n\t\t\t\t<\/div>\n\t\t\t\t\t<\/div>\n\t\t<\/div>\n\t\t\t\t<div class=\"elementor-column elementor-col-50 elementor-top-column elementor-element elementor-element-5f7fab4b\" data-id=\"5f7fab4b\" data-element_type=\"column\" data-e-type=\"column\">\n\t\t\t<div class=\"elementor-widget-wrap elementor-element-populated\">\n\t\t\t\t\t\t<div class=\"elementor-element elementor-element-088f244 animated-slow elementor-invisible elementor-widget elementor-widget-image\" data-id=\"088f244\" data-element_type=\"widget\" data-e-type=\"widget\" data-settings=\"{&quot;_animation&quot;:&quot;wd-anim-slide-from-right&quot;,&quot;_animation_delay&quot;:200}\" data-widget_type=\"image.default\">\n\t\t\t\t<div class=\"elementor-widget-container\">\n\t\t\t\t\t\t\t\t\t\t\t\t\t\t\t<img loading=\"lazy\" decoding=\"async\" width=\"580\" height=\"450\" src=\"https:\/\/ayshenia.com\/tr\/wp-content\/uploads\/2022\/02\/biz-kimiz_ayshenia_aysen_baysal_aysheniacom.jpg\" class=\"attachment-large size-large wp-image-9150\" alt=\"\" srcset=\"https:\/\/ayshenia.com\/tr\/wp-content\/uploads\/2022\/02\/biz-kimiz_ayshenia_aysen_baysal_aysheniacom.jpg 580w, https:\/\/ayshenia.com\/tr\/wp-content\/uploads\/2022\/02\/biz-kimiz_ayshenia_aysen_baysal_aysheniacom-387x300.jpg 387w\" sizes=\"auto, (max-width: 580px) 100vw, 580px\" \/>\t\t\t\t\t\t\t\t\t\t\t\t\t\t\t<\/div>\n\t\t\t\t<\/div>\n\t\t\t\t\t<\/div>\n\t\t<\/div>\n\t\t\t\t\t<\/div>\n\t\t<\/section>\n\t\t\t\t<\/div>\n\t\t","protected":false},"excerpt":{"rendered":"<p>Biz Kimiz ? NE YAPIYORUZ ? Tedarik\u00e7i firmalarla, ithalat\u00e7\u0131 firmalar\u0131 bulu\u015fturuyoruz. AYSHENIA g\u00fcvencesiyle uluslararas\u0131 ticaretinizi birlikte yap\u0131yoruz. Bunu ger\u00e7ekle\u015ftirirken her<\/p>\n","protected":false},"author":1,"featured_media":0,"parent":0,"menu_order":0,"comment_status":"closed","ping_status":"closed","template":"","meta":{"footnotes":""},"class_list":["post-8498","page","type-page","status-publish","hentry"],"_links":{"self":[{"href":"https:\/\/ayshenia.com\/tr\/wp-json\/wp\/v2\/pages\/8498","targetHints":{"allow":["GET"]}}],"collection":[{"href":"https:\/\/ayshenia.com\/tr\/wp-json\/wp\/v2\/pages"}],"about":[{"href":"https:\/\/ayshenia.com\/tr\/wp-json\/wp\/v2\/types\/page"}],"author":[{"embeddable":true,"href":"https:\/\/ayshenia.com\/tr\/wp-json\/wp\/v2\/users\/1"}],"replies":[{"embeddable":true,"href":"https:\/\/ayshenia.com\/tr\/wp-json\/wp\/v2\/comments?post=8498"}],"version-history":[{"count":24,"href":"https:\/\/ayshenia.com\/tr\/wp-json\/wp\/v2\/pages\/8498\/revisions"}],"predecessor-version":[{"id":9159,"href":"https:\/\/ayshenia.com\/tr\/wp-json\/wp\/v2\/pages\/8498\/revisions\/9159"}],"wp:attachment":[{"href":"https:\/\/ayshenia.com\/tr\/wp-json\/wp\/v2\/media?parent=8498"}],"curies":[{"name":"wp","href":"https:\/\/api.w.org\/{rel}","templated":true}]}}