{"id":8616,"date":"2022-01-30T21:51:52","date_gmt":"2022-01-30T18:51:52","guid":{"rendered":"https:\/\/ayshenia.com\/tr\/?page_id=8616"},"modified":"2022-02-06T23:59:47","modified_gmt":"2022-02-06T20:59:47","slug":"ortaklik-gelistirme","status":"publish","type":"page","link":"https:\/\/ayshenia.com\/tr\/ortaklik-gelistirme\/","title":{"rendered":"Ortakl\u0131k Geli\u015ftirme"},"content":{"rendered":"\t\t<div data-elementor-type=\"wp-page\" data-elementor-id=\"8616\" class=\"elementor elementor-8616\">\n\t\t\t\t\t\t<section class=\"wd-negative-gap elementor-section elementor-top-section elementor-element elementor-element-b6a5822 elementor-section-boxed elementor-section-height-default elementor-section-height-default\" data-id=\"b6a5822\" data-element_type=\"section\" data-e-type=\"section\">\n\t\t\t\t\t\t<div class=\"elementor-container elementor-column-gap-default\">\n\t\t\t\t\t<div class=\"elementor-column elementor-col-100 elementor-top-column elementor-element elementor-element-91905ad\" data-id=\"91905ad\" data-element_type=\"column\" data-e-type=\"column\">\n\t\t\t<div class=\"elementor-widget-wrap elementor-element-populated\">\n\t\t\t\t\t\t<div class=\"elementor-element elementor-element-419015e wd-width-100 elementor-widget elementor-widget-wd_title\" data-id=\"419015e\" data-element_type=\"widget\" data-e-type=\"widget\" data-widget_type=\"wd_title.default\">\n\t\t\t\t<div class=\"elementor-widget-container\">\n\t\t\t\t\t\t\t<div class=\"title-wrapper wd-set-mb reset-last-child wd-title-color-default wd-title-style-default wd-title-size-default text-center\">\n\n\t\t\t\n\t\t\t<div class=\"liner-continer\">\n\t\t\t\t<h4 class=\"woodmart-title-container title wd-fontsize-l\">Ortakl\u0131k Geli\u015ftirme<\/h4> \n\t\t\t\t\t\t\t<\/div>\n\n\t\t\t\t\t\t\t<div class=\"title-after_title reset-last-child wd-fontsize-xs\">\n\t\t\t\t\t<p>AYSHENIA, \u00a0kap\u0131lar\u0131 a\u00e7ma ve diyalog kurma konusunda \u00f6nemli bir uzmanl\u0131\u011fa ve kan\u0131tlanm\u0131\u015f deneyime sahiptir.<\/p>\t\t\t\t<\/div>\n\t\t\t\t\t<\/div>\n\t\t\t\t\t\t<\/div>\n\t\t\t\t<\/div>\n\t\t\t\t\t<\/div>\n\t\t<\/div>\n\t\t\t\t\t<\/div>\n\t\t<\/section>\n\t\t\t\t<section class=\"elementor-section elementor-top-section elementor-element elementor-element-5b766460 wd-section-stretch-content elementor-section-boxed elementor-section-height-default elementor-section-height-default\" data-id=\"5b766460\" data-element_type=\"section\" data-e-type=\"section\" data-settings=\"{&quot;background_background&quot;:&quot;classic&quot;}\">\n\t\t\t\t\t\t<div class=\"elementor-container elementor-column-gap-default\">\n\t\t\t\t\t<div class=\"elementor-column elementor-col-100 elementor-top-column elementor-element elementor-element-48094da0 elementor-invisible\" data-id=\"48094da0\" data-element_type=\"column\" data-e-type=\"column\" data-settings=\"{&quot;animation&quot;:&quot;fadeInDown&quot;}\">\n\t\t\t<div class=\"elementor-widget-wrap elementor-element-populated\">\n\t\t\t\t\t\t<div class=\"elementor-element elementor-element-43baf2bb elementor-widget elementor-widget-image-carousel\" data-id=\"43baf2bb\" data-element_type=\"widget\" data-e-type=\"widget\" data-settings=\"{&quot;slides_to_show&quot;:&quot;1&quot;,&quot;navigation&quot;:&quot;none&quot;,&quot;autoplay_speed&quot;:2000,&quot;effect&quot;:&quot;fade&quot;,&quot;speed&quot;:1000,&quot;autoplay&quot;:&quot;yes&quot;,&quot;pause_on_hover&quot;:&quot;yes&quot;,&quot;pause_on_interaction&quot;:&quot;yes&quot;,&quot;infinite&quot;:&quot;yes&quot;}\" data-widget_type=\"image-carousel.default\">\n\t\t\t\t<div class=\"elementor-widget-container\">\n\t\t\t\t\t\t\t<div class=\"elementor-image-carousel-wrapper swiper\" role=\"region\" aria-roledescription=\"carousel\" aria-label=\"Resim D\u00f6ng\u00fcs\u00fc\" dir=\"ltr\">\n\t\t\t<div class=\"elementor-image-carousel swiper-wrapper\" aria-live=\"off\">\n\t\t\t\t\t\t\t\t<div class=\"swiper-slide\" role=\"group\" aria-roledescription=\"slide\" aria-label=\"1 \/ 3\"><figure class=\"swiper-slide-inner\"><img decoding=\"async\" class=\"swiper-slide-image\" src=\"https:\/\/ayshenia.com\/tr\/wp-content\/uploads\/2022\/02\/Ortaklik_Gelistirme_1.jpg\" alt=\"Ortaklik_Gelistirme_1\" \/><\/figure><\/div><div class=\"swiper-slide\" role=\"group\" aria-roledescription=\"slide\" aria-label=\"2 \/ 3\"><figure class=\"swiper-slide-inner\"><img decoding=\"async\" class=\"swiper-slide-image\" src=\"https:\/\/ayshenia.com\/tr\/wp-content\/uploads\/2022\/02\/Ortaklik_Gelistirme_2.jpg\" alt=\"Ortaklik_Gelistirme_2\" \/><\/figure><\/div><div class=\"swiper-slide\" role=\"group\" aria-roledescription=\"slide\" aria-label=\"3 \/ 3\"><figure class=\"swiper-slide-inner\"><img decoding=\"async\" class=\"swiper-slide-image\" src=\"https:\/\/ayshenia.com\/tr\/wp-content\/uploads\/2022\/02\/Ortaklik_Gelistirme_3.jpg\" alt=\"Ortaklik_Gelistirme_3\" \/><\/figure><\/div>\t\t\t<\/div>\n\t\t\t\t\t\t\t\n\t\t\t\t\t\t\t\t\t<\/div>\n\t\t\t\t\t\t<\/div>\n\t\t\t\t<\/div>\n\t\t\t\t\t<\/div>\n\t\t<\/div>\n\t\t\t\t\t<\/div>\n\t\t<\/section>\n\t\t\t\t<section class=\"wd-negative-gap elementor-section elementor-top-section elementor-element elementor-element-30b95b1d elementor-section-content-middle elementor-section-boxed elementor-section-height-default elementor-section-height-default\" data-id=\"30b95b1d\" data-element_type=\"section\" data-e-type=\"section\">\n\t\t\t\t\t\t<div class=\"elementor-container elementor-column-gap-extended\">\n\t\t\t\t\t<div class=\"elementor-column elementor-col-50 elementor-top-column elementor-element elementor-element-4174c9d5\" data-id=\"4174c9d5\" data-element_type=\"column\" data-e-type=\"column\">\n\t\t\t<div class=\"elementor-widget-wrap elementor-element-populated\">\n\t\t\t\t\t\t<div class=\"elementor-element elementor-element-8fe6b55 elementor-widget elementor-widget-video\" data-id=\"8fe6b55\" data-element_type=\"widget\" data-e-type=\"widget\" data-settings=\"{&quot;video_type&quot;:&quot;hosted&quot;,&quot;autoplay&quot;:&quot;yes&quot;,&quot;play_on_mobile&quot;:&quot;yes&quot;,&quot;mute&quot;:&quot;yes&quot;,&quot;loop&quot;:&quot;yes&quot;,&quot;controls&quot;:&quot;yes&quot;}\" data-widget_type=\"video.default\">\n\t\t\t\t<div class=\"elementor-widget-container\">\n\t\t\t\t\t\t\t<div class=\"e-hosted-video elementor-wrapper elementor-open-inline\">\n\t\t\t\t\t<video class=\"elementor-video\" src=\"https:\/\/ayshenia.com\/tr\/wp-content\/uploads\/2022\/02\/Ortaklik_Gelistirme.mp4\" autoplay=\"\" loop=\"\" controls=\"\" muted=\"muted\" playsinline=\"\" controlsList=\"nodownload\"><\/video>\n\t\t\t\t<\/div>\n\t\t\t\t\t\t<\/div>\n\t\t\t\t<\/div>\n\t\t\t\t\t<\/div>\n\t\t<\/div>\n\t\t\t\t<div class=\"elementor-column elementor-col-50 elementor-top-column elementor-element elementor-element-38a5e7b0 elementor-invisible\" data-id=\"38a5e7b0\" data-element_type=\"column\" data-e-type=\"column\" data-settings=\"{&quot;animation&quot;:&quot;pulse&quot;}\">\n\t\t\t<div class=\"elementor-widget-wrap elementor-element-populated\">\n\t\t\t\t\t\t<div class=\"elementor-element elementor-element-255fc2b7 wd-width-100 elementor-widget elementor-widget-wd_title\" data-id=\"255fc2b7\" data-element_type=\"widget\" data-e-type=\"widget\" data-widget_type=\"wd_title.default\">\n\t\t\t\t<div class=\"elementor-widget-container\">\n\t\t\t\t\t\t\t<div class=\"title-wrapper wd-set-mb reset-last-child wd-title-color-primary wd-title-style-default wd-title-size-large text-left\">\n\n\t\t\t\n\t\t\t<div class=\"liner-continer\">\n\t\t\t\t<h4 class=\"woodmart-title-container title wd-fontsize-xxl\">Ortakl\u0131k Ba\u011fl\u0131l\u0131\u011f\u0131<\/h4> \n\t\t\t\t\t\t\t<\/div>\n\n\t\t\t\t\t\t\t<div class=\"title-after_title reset-last-child wd-fontsize-s\">\n\t\t\t\t\t<p>\u0130ster ithalat yapan i\u00e7in isterse de ihra\u00e7 edenler olarak do\u011fru ortaklar\u0131 belirlemek zaman al\u0131c\u0131 ve zorlay\u0131c\u0131 olabilir. .\u00a0<\/p><p>S\u00fcrecin anahtar\u0131, her iki taraf\u0131n da ihtiya\u00e7lar\u0131n\u0131 anlamak i\u00e7in birlikte \u00e7al\u0131\u015fmak ve ard\u0131ndan neyin gerekli oldu\u011funa dair ayr\u0131nt\u0131l\u0131 bir kapsam geli\u015ftirmektir.<\/p><p>Daha sonra bu ayr\u0131nt\u0131l\u0131 kapsam\u0131 al\u0131r ve sizlere g\u00f6re olu\u015fturdu\u011fumuz matrisimize ve veri taban\u0131m\u0131za yerle\u015ftiririz. Bu, program\u0131n\u0131z i\u00e7in en iyi potansiyel ortaklar\u0131 h\u0131zla belirlememizi sa\u011flar.<\/p>\t\t\t\t<\/div>\n\t\t\t\t\t<\/div>\n\t\t\t\t\t\t<\/div>\n\t\t\t\t<\/div>\n\t\t\t\t\t<\/div>\n\t\t<\/div>\n\t\t\t\t\t<\/div>\n\t\t<\/section>\n\t\t\t\t<section class=\"wd-negative-gap elementor-section elementor-top-section elementor-element elementor-element-bd1a317 elementor-section-boxed elementor-section-height-default elementor-section-height-default\" data-id=\"bd1a317\" data-element_type=\"section\" data-e-type=\"section\" data-settings=\"{&quot;background_background&quot;:&quot;classic&quot;}\">\n\t\t\t\t\t\t\t<div class=\"elementor-background-overlay\"><\/div>\n\t\t\t\t\t\t\t<div class=\"elementor-container elementor-column-gap-default\">\n\t\t\t\t\t<div class=\"elementor-column elementor-col-100 elementor-top-column elementor-element elementor-element-bcdcb5c\" data-id=\"bcdcb5c\" data-element_type=\"column\" data-e-type=\"column\">\n\t\t\t<div class=\"elementor-widget-wrap elementor-element-populated\">\n\t\t\t\t\t\t<section class=\"wd-negative-gap elementor-section elementor-inner-section elementor-element elementor-element-c62fb83 elementor-section-boxed elementor-section-height-default elementor-section-height-default\" data-id=\"c62fb83\" data-element_type=\"section\" data-e-type=\"section\" data-settings=\"{&quot;background_background&quot;:&quot;classic&quot;}\">\n\t\t\t\t\t\t\t<div class=\"elementor-background-overlay\"><\/div>\n\t\t\t\t\t\t\t<div class=\"elementor-container elementor-column-gap-default\">\n\t\t\t\t\t<div class=\"elementor-column elementor-col-100 elementor-inner-column elementor-element elementor-element-b61592f\" data-id=\"b61592f\" data-element_type=\"column\" data-e-type=\"column\">\n\t\t\t<div class=\"elementor-widget-wrap elementor-element-populated\">\n\t\t\t\t\t\t<div class=\"elementor-element elementor-element-cea6521 wd-width-100 elementor-widget elementor-widget-wd_title\" data-id=\"cea6521\" data-element_type=\"widget\" data-e-type=\"widget\" data-widget_type=\"wd_title.default\">\n\t\t\t\t<div class=\"elementor-widget-container\">\n\t\t\t\t\t\t\t<div class=\"title-wrapper wd-set-mb reset-last-child wd-title-color-primary wd-title-style-default wd-title-size-large text-center\">\n\n\t\t\t\n\t\t\t<div class=\"liner-continer\">\n\t\t\t\t<h4 class=\"woodmart-title-container title wd-fontsize-xxl\">Pazar Ortakl\u0131\u011f\u0131 Rotas\u0131<\/h4> \n\t\t\t\t\t\t\t<\/div>\n\n\t\t\t\t\t\t\t<div class=\"title-after_title reset-last-child wd-fontsize-s\">\n\t\t\t\t\t<p>Maliyetlerin giderek artt\u0131\u011f\u0131 bu g\u00fcnlerde, pazar ortaklar\u0131na giden etkin rotay\u0131 belirlemek, \u00fcr\u00fcnlerin piyasaya s\u00fcr\u00fclme maliyetlerini \u00f6nemli \u00f6l\u00e7\u00fcde azaltabilir.\u00a0<\/p><p>AYSHENIA, m\u00fc\u015fterilere yaln\u0131zca potansiyel ortaklar\u0131 belirleme konusunda yard\u0131mc\u0131 olmakla kalmay\u0131p, daha sonra ba\u015far\u0131l\u0131 bir lansman i\u00e7in onlarla birlikte \u00e7al\u0131\u015ft\u0131\u011f\u0131m\u0131z bir dizi projede ba\u015far\u0131l\u0131 bir \u015fekilde yer almaktad\u0131r.<\/p>\t\t\t\t<\/div>\n\t\t\t\t\t<\/div>\n\t\t\t\t\t\t<\/div>\n\t\t\t\t<\/div>\n\t\t\t\t\t<\/div>\n\t\t<\/div>\n\t\t\t\t\t<\/div>\n\t\t<\/section>\n\t\t\t\t<section class=\"wd-negative-gap elementor-section elementor-inner-section elementor-element elementor-element-21743f4 elementor-section-boxed elementor-section-height-default elementor-section-height-default\" data-id=\"21743f4\" data-element_type=\"section\" data-e-type=\"section\">\n\t\t\t\t\t\t\t<div class=\"elementor-background-overlay\"><\/div>\n\t\t\t\t\t\t\t<div class=\"elementor-container elementor-column-gap-default\">\n\t\t\t\t\t<div class=\"elementor-column elementor-col-100 elementor-inner-column elementor-element elementor-element-5f070f8\" data-id=\"5f070f8\" data-element_type=\"column\" data-e-type=\"column\">\n\t\t\t<div class=\"elementor-widget-wrap elementor-element-populated\">\n\t\t\t\t\t\t<div class=\"elementor-element elementor-element-65cbc56 wd-width-100 elementor-widget elementor-widget-wd_title\" data-id=\"65cbc56\" data-element_type=\"widget\" data-e-type=\"widget\" data-widget_type=\"wd_title.default\">\n\t\t\t\t<div class=\"elementor-widget-container\">\n\t\t\t\t\t\t\t<div class=\"title-wrapper wd-set-mb reset-last-child wd-title-color-primary wd-title-style-default wd-title-size-large text-center\">\n\n\t\t\t\n\t\t\t<div class=\"liner-continer\">\n\t\t\t\t<h4 class=\"woodmart-title-container title wd-fontsize-xxl\">Potansiyel ihracat\u00e7\u0131-\u0130thalat\u00e7\u0131 Bulu\u015fturma<\/h4> \n\t\t\t\t\t\t\t<\/div>\n\n\t\t\t\t\t\t\t<div class=\"title-after_title reset-last-child wd-fontsize-s\">\n\t\t\t\t\t<p>Toplant\u0131 ve organizasyon planlamak,<\/p><p>Ziyaret\u00e7ilerin konaklama ve ula\u015f\u0131m\u0131n\u0131 sa\u011flamak,<\/p><p>M\u00fc\u015fteri s\u00fcreklili\u011fini\u00a0 sa\u011flamak i\u00e7in taraflar\u0131 ba\u011flay\u0131c\u0131 anla\u015fma haz\u0131rlamak...<\/p>\t\t\t\t<\/div>\n\t\t\t\t\t<\/div>\n\t\t\t\t\t\t<\/div>\n\t\t\t\t<\/div>\n\t\t\t\t\t<\/div>\n\t\t<\/div>\n\t\t\t\t\t<\/div>\n\t\t<\/section>\n\t\t\t\t\t<\/div>\n\t\t<\/div>\n\t\t\t\t\t<\/div>\n\t\t<\/section>\n\t\t\t\t<\/div>\n\t\t","protected":false},"excerpt":{"rendered":"<p>Ortakl\u0131k Geli\u015ftirme AYSHENIA, \u00a0kap\u0131lar\u0131 a\u00e7ma ve diyalog kurma konusunda \u00f6nemli bir uzmanl\u0131\u011fa ve kan\u0131tlanm\u0131\u015f deneyime sahiptir. https:\/\/ayshenia.com\/tr\/wp-content\/uploads\/2022\/02\/Ortaklik_Gelistirme.mp4 Ortakl\u0131k Ba\u011fl\u0131l\u0131\u011f\u0131 \u0130ster<\/p>\n","protected":false},"author":1,"featured_media":0,"parent":0,"menu_order":0,"comment_status":"closed","ping_status":"closed","template":"","meta":{"footnotes":""},"class_list":["post-8616","page","type-page","status-publish","hentry"],"_links":{"self":[{"href":"https:\/\/ayshenia.com\/tr\/wp-json\/wp\/v2\/pages\/8616","targetHints":{"allow":["GET"]}}],"collection":[{"href":"https:\/\/ayshenia.com\/tr\/wp-json\/wp\/v2\/pages"}],"about":[{"href":"https:\/\/ayshenia.com\/tr\/wp-json\/wp\/v2\/types\/page"}],"author":[{"embeddable":true,"href":"https:\/\/ayshenia.com\/tr\/wp-json\/wp\/v2\/users\/1"}],"replies":[{"embeddable":true,"href":"https:\/\/ayshenia.com\/tr\/wp-json\/wp\/v2\/comments?post=8616"}],"version-history":[{"count":36,"href":"https:\/\/ayshenia.com\/tr\/wp-json\/wp\/v2\/pages\/8616\/revisions"}],"predecessor-version":[{"id":9131,"href":"https:\/\/ayshenia.com\/tr\/wp-json\/wp\/v2\/pages\/8616\/revisions\/9131"}],"wp:attachment":[{"href":"https:\/\/ayshenia.com\/tr\/wp-json\/wp\/v2\/media?parent=8616"}],"curies":[{"name":"wp","href":"https:\/\/api.w.org\/{rel}","templated":true}]}}