{"id":8625,"date":"2022-01-30T22:02:13","date_gmt":"2022-01-30T19:02:13","guid":{"rendered":"https:\/\/ayshenia.com\/tr\/?page_id=8625"},"modified":"2022-02-06T23:54:00","modified_gmt":"2022-02-06T20:54:00","slug":"stratejik-pazarlama","status":"publish","type":"page","link":"https:\/\/ayshenia.com\/tr\/stratejik-pazarlama\/","title":{"rendered":"Stratejik Pazarlama"},"content":{"rendered":"\t\t<div data-elementor-type=\"wp-page\" data-elementor-id=\"8625\" class=\"elementor elementor-8625\">\n\t\t\t\t\t\t<section class=\"elementor-section elementor-top-section elementor-element elementor-element-5030aeba wd-section-stretch-content elementor-section-boxed elementor-section-height-default elementor-section-height-default\" data-id=\"5030aeba\" data-element_type=\"section\" data-e-type=\"section\" data-settings=\"{&quot;background_background&quot;:&quot;classic&quot;}\">\n\t\t\t\t\t\t<div class=\"elementor-container elementor-column-gap-default\">\n\t\t\t\t\t<div class=\"elementor-column elementor-col-100 elementor-top-column elementor-element elementor-element-73f35e9c elementor-invisible\" data-id=\"73f35e9c\" data-element_type=\"column\" data-e-type=\"column\" data-settings=\"{&quot;background_background&quot;:&quot;classic&quot;,&quot;animation&quot;:&quot;bounceInRight&quot;}\">\n\t\t\t<div class=\"elementor-widget-wrap elementor-element-populated\">\n\t\t\t\t\t\t<div class=\"elementor-element elementor-element-514132a2 wd-width-100 elementor-widget elementor-widget-wd_title\" data-id=\"514132a2\" data-element_type=\"widget\" data-e-type=\"widget\" data-widget_type=\"wd_title.default\">\n\t\t\t\t<div class=\"elementor-widget-container\">\n\t\t\t\t\t\t\t<div class=\"title-wrapper wd-set-mb reset-last-child wd-title-color-default wd-title-style-default wd-title-size-large text-left\">\n\n\t\t\t\t\t\t\t\t\t\t\t<div class=\"title-subtitle subtitle-color-default subtitle-style-default wd-fontsize-xs\">\n\t\t\t\t\tStratejik Pazarlama !\t\t\t\t<\/div>\n\t\t\t\n\t\t\t<div class=\"liner-continer\">\n\t\t\t\t<h4 class=\"woodmart-title-container title wd-fontsize-xxl wd-underline-colored\">Fikirleri stratejilere ve stratejileri eyleme d\u00f6n\u00fc\u015ft\u00fcrmek i\u00e7in s\u0131k s\u0131k yap\u0131land\u0131r\u0131lm\u0131\u015f bir <u> Stratejik Pazarlama Plan\u0131 <\/u> \u00f6neriyoruz.<\/h4> \n\t\t\t\t\t\t\t<\/div>\n\n\t\t\t\t\t<\/div>\n\t\t\t\t\t\t<\/div>\n\t\t\t\t<\/div>\n\t\t\t\t\t<\/div>\n\t\t<\/div>\n\t\t\t\t\t<\/div>\n\t\t<\/section>\n\t\t\t\t<section class=\"elementor-section elementor-top-section elementor-element elementor-element-78907aeb elementor-section-content-middle elementor-section-boxed elementor-section-height-default elementor-section-height-default\" data-id=\"78907aeb\" data-element_type=\"section\" data-e-type=\"section\">\n\t\t\t\t\t\t<div class=\"elementor-container elementor-column-gap-extended\">\n\t\t\t\t\t<div class=\"elementor-column elementor-col-50 elementor-top-column elementor-element elementor-element-12d6c4ad elementor-invisible\" data-id=\"12d6c4ad\" data-element_type=\"column\" data-e-type=\"column\" data-settings=\"{&quot;animation&quot;:&quot;fadeInUp&quot;}\">\n\t\t\t<div class=\"elementor-widget-wrap elementor-element-populated\">\n\t\t\t\t\t\t<div class=\"elementor-element elementor-element-3154fad3 wd-width-100 elementor-widget elementor-widget-wd_title\" data-id=\"3154fad3\" data-element_type=\"widget\" data-e-type=\"widget\" data-widget_type=\"wd_title.default\">\n\t\t\t\t<div class=\"elementor-widget-container\">\n\t\t\t\t\t\t\t<div class=\"title-wrapper wd-set-mb reset-last-child wd-title-color-primary wd-title-style-default wd-title-size-large text-left\">\n\n\t\t\t\t\t\t\t\t\t\t\t<div class=\"title-subtitle subtitle-color-primary subtitle-style-default wd-fontsize-xs\">\n\t\t\t\t\tNeden Stratejik Pazarlama ?\t\t\t\t<\/div>\n\t\t\t\n\t\t\t<div class=\"liner-continer\">\n\t\t\t\t<h4 class=\"woodmart-title-container title wd-fontsize-xxl\">Hedeflere odaklan\u0131yor , pazarda b\u00fcy\u00fcyoruz !<\/h4> \n\t\t\t\t\t\t\t<\/div>\n\n\t\t\t\t\t<\/div>\n\t\t\t\t\t\t<\/div>\n\t\t\t\t<\/div>\n\t\t\t\t<div class=\"elementor-element elementor-element-3892be41 elementor-widget elementor-widget-wd_text_block\" data-id=\"3892be41\" data-element_type=\"widget\" data-e-type=\"widget\" data-widget_type=\"wd_text_block.default\">\n\t\t\t\t<div class=\"elementor-widget-container\">\n\t\t\t\t\t\t\t<div class=\"wd-text-block reset-last-child text-left\">\n\t\t\t\n\t\t\t<p>Bu, m\u00fc\u015fteri ve rakip analizi, \u00fcr\u00fcn ve fiyatland\u0131rma stratejileri, pazar b\u00f6l\u00fcmlendirme ve konumland\u0131rma stratejilerinin yan\u0131 s\u0131ra a\u00e7\u0131k\u00e7a hedeflenen tan\u0131t\u0131m, sergi ve halkla ili\u015fkiler faaliyetlerinin tam bir de\u011ferlendirmesini i\u00e7erecektir. Pazarlama, uygun \u015fekilde odaklan\u0131ld\u0131\u011f\u0131 takdirde <span style=\"color: #eb8800;\"><strong>\u00e7ok uygun maliyetli olabilir ve Stratejik Pazarlama Plan\u0131<\/strong><\/span> bu oda\u011f\u0131 sa\u011flar.<\/p><p>Stratejik Pazarlama Plan\u0131, Pazarlama i\u015flevine derinlemesine bakt\u0131\u011f\u0131 i\u00e7in \u0130\u015f Plan\u0131ndaki k\u00fc\u00e7\u00fck bir b\u00f6l\u00fcmden daha fazlas\u0131d\u0131r. Bir Stratejik Pazarlama Plan\u0131n\u0131n ba\u015flang\u0131\u00e7 \u200b\u200bnoktalar\u0131 genellikle a\u015fa\u011f\u0131dakileri kapsamaya \u00e7al\u0131\u015faca\u011f\u0131m\u0131z ana alanlar\u0131 i\u00e7eren bir SWOT Analizidir.<\/p>\n\t\t\t\t\t<\/div>\n\t\t\t\t\t\t<\/div>\n\t\t\t\t<\/div>\n\t\t\t\t\t<\/div>\n\t\t<\/div>\n\t\t\t\t<div class=\"elementor-column elementor-col-50 elementor-top-column elementor-element elementor-element-223ab0e4\" data-id=\"223ab0e4\" data-element_type=\"column\" data-e-type=\"column\">\n\t\t\t<div class=\"elementor-widget-wrap elementor-element-populated\">\n\t\t\t\t\t\t<div class=\"elementor-element elementor-element-7556d27 elementor-widget elementor-widget-video\" data-id=\"7556d27\" data-element_type=\"widget\" data-e-type=\"widget\" data-settings=\"{&quot;video_type&quot;:&quot;hosted&quot;,&quot;autoplay&quot;:&quot;yes&quot;,&quot;play_on_mobile&quot;:&quot;yes&quot;,&quot;mute&quot;:&quot;yes&quot;,&quot;loop&quot;:&quot;yes&quot;,&quot;controls&quot;:&quot;yes&quot;}\" data-widget_type=\"video.default\">\n\t\t\t\t<div class=\"elementor-widget-container\">\n\t\t\t\t\t\t\t<div class=\"e-hosted-video elementor-wrapper elementor-open-inline\">\n\t\t\t\t\t<video class=\"elementor-video\" src=\"https:\/\/ayshenia.com\/tr\/wp-content\/uploads\/2022\/02\/stratejik_pazarlama.mp4\" autoplay=\"\" loop=\"\" controls=\"\" muted=\"muted\" playsinline=\"\" controlsList=\"nodownload\"><\/video>\n\t\t\t\t<\/div>\n\t\t\t\t\t\t<\/div>\n\t\t\t\t<\/div>\n\t\t\t\t\t<\/div>\n\t\t<\/div>\n\t\t\t\t\t<\/div>\n\t\t<\/section>\n\t\t\t\t<section class=\"elementor-section elementor-top-section elementor-element elementor-element-91cd381 elementor-section-boxed elementor-section-height-default elementor-section-height-default\" data-id=\"91cd381\" data-element_type=\"section\" data-e-type=\"section\">\n\t\t\t\t\t\t<div class=\"elementor-container elementor-column-gap-default\">\n\t\t\t\t\t<div class=\"elementor-column elementor-col-100 elementor-top-column elementor-element elementor-element-61f41e46\" data-id=\"61f41e46\" data-element_type=\"column\" data-e-type=\"column\">\n\t\t\t<div class=\"elementor-widget-wrap elementor-element-populated\">\n\t\t\t\t\t\t<section class=\"wd-negative-gap elementor-section elementor-inner-section elementor-element elementor-element-7c923ca5 elementor-section-boxed elementor-section-height-default elementor-section-height-default\" data-id=\"7c923ca5\" data-element_type=\"section\" data-e-type=\"section\">\n\t\t\t\t\t\t<div class=\"elementor-container elementor-column-gap-default\">\n\t\t\t\t\t<div class=\"elementor-column elementor-col-33 elementor-inner-column elementor-element elementor-element-124cc85\" data-id=\"124cc85\" data-element_type=\"column\" data-e-type=\"column\" data-settings=\"{&quot;animation&quot;:&quot;none&quot;}\">\n\t\t\t<div class=\"elementor-widget-wrap elementor-element-populated\">\n\t\t\t\t\t\t<div class=\"elementor-element elementor-element-2567bf3a elementor-invisible elementor-widget elementor-widget-wd_infobox\" data-id=\"2567bf3a\" data-element_type=\"widget\" data-e-type=\"widget\" data-settings=\"{&quot;_animation&quot;:&quot;fadeIn&quot;,&quot;_animation_delay&quot;:100}\" data-widget_type=\"wd_infobox.default\">\n\t\t\t\t<div class=\"elementor-widget-container\">\n\t\t\t\t\t\t\t<div class=\"info-box-wrapper\">\n\t\t\t<div class=\"wd-info-box text-center box-icon-align-left box-style-border color-scheme-dark wd-items-top\">\n\t\t\t\t\t\t\t\t\t<div class=\"box-icon-wrapper  box-with-icon box-icon-simple\">\n\t\t\t\t\t\t<div class=\"info-box-icon\">\n\t\t\t\t\t\t\t\t\t\t\t\t\t\t\t<img loading=\"lazy\" decoding=\"async\" width=\"200\" height=\"200\" src=\"https:\/\/ayshenia.com\/tr\/wp-content\/uploads\/2022\/02\/reklam_ayshenia-200x200.png\" class=\"attachment-200x200 size-200x200\" alt=\"\" srcset=\"https:\/\/ayshenia.com\/tr\/wp-content\/uploads\/2022\/02\/reklam_ayshenia-200x200.png 200w, https:\/\/ayshenia.com\/tr\/wp-content\/uploads\/2022\/02\/reklam_ayshenia-150x150.png 150w, https:\/\/ayshenia.com\/tr\/wp-content\/uploads\/2022\/02\/reklam_ayshenia.png 250w\" sizes=\"auto, (max-width: 200px) 100vw, 200px\" \/>\t\t\t\t\t\t\t\t\t\t\t\t\t<\/div>\n\t\t\t\t\t<\/div>\n\t\t\t\t\n\t\t\t\t<div class=\"info-box-content\">\n\t\t\t\t\t\n\t\t\t\t\t\t\t\t\t\t\t<h4\t\t\t\t\t\tclass=\"info-box-title title box-title-style-default wd-fontsize-m\" data-elementor-setting-key=\"title\">\n\t\t\t\t\t\t\t\t<br \/>\nReklam Stratejileri\t\t\t\t\t\t<\/h4>\n\t\t\t\t\t\n\t\t\t\t\t<div class=\"info-box-inner reset-last-child\"data-elementor-setting-key=\"content\"><\/div>\n\n\t\t\t\t\t\t\t\t\t<\/div>\n\n\t\t\t\t\t\t\t<\/div>\n\t\t<\/div>\n\t\t\t\t\t\t<\/div>\n\t\t\t\t<\/div>\n\t\t\t\t<div class=\"elementor-element elementor-element-89e221b elementor-invisible elementor-widget elementor-widget-wd_infobox\" data-id=\"89e221b\" data-element_type=\"widget\" data-e-type=\"widget\" data-settings=\"{&quot;_animation&quot;:&quot;fadeIn&quot;,&quot;_animation_delay&quot;:200}\" data-widget_type=\"wd_infobox.default\">\n\t\t\t\t<div class=\"elementor-widget-container\">\n\t\t\t\t\t\t\t<div class=\"info-box-wrapper\">\n\t\t\t<div class=\"wd-info-box text-center box-icon-align-left box-style-border color-scheme-dark wd-items-top\">\n\t\t\t\t\t\t\t\t\t<div class=\"box-icon-wrapper  box-with-icon box-icon-simple\">\n\t\t\t\t\t\t<div class=\"info-box-icon\">\n\t\t\t\t\t\t\t\t\t\t\t\t\t\t\t<img loading=\"lazy\" decoding=\"async\" width=\"200\" height=\"200\" src=\"https:\/\/ayshenia.com\/tr\/wp-content\/uploads\/2022\/02\/pazar_bolumlendirme-200x200.png\" class=\"attachment-200x200 size-200x200\" alt=\"\" srcset=\"https:\/\/ayshenia.com\/tr\/wp-content\/uploads\/2022\/02\/pazar_bolumlendirme-200x200.png 200w, https:\/\/ayshenia.com\/tr\/wp-content\/uploads\/2022\/02\/pazar_bolumlendirme-150x150.png 150w, https:\/\/ayshenia.com\/tr\/wp-content\/uploads\/2022\/02\/pazar_bolumlendirme.png 250w\" sizes=\"auto, (max-width: 200px) 100vw, 200px\" \/>\t\t\t\t\t\t\t\t\t\t\t\t\t<\/div>\n\t\t\t\t\t<\/div>\n\t\t\t\t\n\t\t\t\t<div class=\"info-box-content\">\n\t\t\t\t\t\n\t\t\t\t\t\t\t\t\t\t\t<h4\t\t\t\t\t\tclass=\"info-box-title title box-title-style-default wd-fontsize-m\" data-elementor-setting-key=\"title\">\n\t\t\t\t\t\t\t\t<br \/>\n<br \/>\n<br \/>\n<br \/>\nPazar B\u00f6l\u00fcmlendirme<br \/>\n<br \/>\n<br \/>\n\t\t\t\t\t\t<\/h4>\n\t\t\t\t\t\n\t\t\t\t\t<div class=\"info-box-inner reset-last-child\"data-elementor-setting-key=\"content\"><\/div>\n\n\t\t\t\t\t\t\t\t\t<\/div>\n\n\t\t\t\t\t\t\t<\/div>\n\t\t<\/div>\n\t\t\t\t\t\t<\/div>\n\t\t\t\t<\/div>\n\t\t\t\t\t<\/div>\n\t\t<\/div>\n\t\t\t\t<div class=\"elementor-column elementor-col-33 elementor-inner-column elementor-element elementor-element-2e976fe3\" data-id=\"2e976fe3\" data-element_type=\"column\" data-e-type=\"column\">\n\t\t\t<div class=\"elementor-widget-wrap elementor-element-populated\">\n\t\t\t\t\t\t<div class=\"elementor-element elementor-element-4c36d00e elementor-invisible elementor-widget elementor-widget-wd_infobox\" data-id=\"4c36d00e\" data-element_type=\"widget\" data-e-type=\"widget\" data-settings=\"{&quot;_animation&quot;:&quot;fadeIn&quot;,&quot;_animation_delay&quot;:300}\" data-widget_type=\"wd_infobox.default\">\n\t\t\t\t<div class=\"elementor-widget-container\">\n\t\t\t\t\t\t\t<div class=\"info-box-wrapper\">\n\t\t\t<div class=\"wd-info-box text-center box-icon-align-left box-style-border color-scheme-dark wd-items-top\">\n\t\t\t\t\t\t\t\t\t<div class=\"box-icon-wrapper  box-with-icon box-icon-simple\">\n\t\t\t\t\t\t<div class=\"info-box-icon\">\n\t\t\t\t\t\t\t\t\t\t\t\t\t\t\t<img loading=\"lazy\" decoding=\"async\" width=\"200\" height=\"200\" src=\"https:\/\/ayshenia.com\/tr\/wp-content\/uploads\/2022\/02\/dagitim_kanallari-200x200.png\" class=\"attachment-200x200 size-200x200\" alt=\"\" srcset=\"https:\/\/ayshenia.com\/tr\/wp-content\/uploads\/2022\/02\/dagitim_kanallari-200x200.png 200w, https:\/\/ayshenia.com\/tr\/wp-content\/uploads\/2022\/02\/dagitim_kanallari-150x150.png 150w, https:\/\/ayshenia.com\/tr\/wp-content\/uploads\/2022\/02\/dagitim_kanallari.png 250w\" sizes=\"auto, (max-width: 200px) 100vw, 200px\" \/>\t\t\t\t\t\t\t\t\t\t\t\t\t<\/div>\n\t\t\t\t\t<\/div>\n\t\t\t\t\n\t\t\t\t<div class=\"info-box-content\">\n\t\t\t\t\t\n\t\t\t\t\t\t\t\t\t\t\t<h4\t\t\t\t\t\tclass=\"info-box-title title box-title-style-default wd-fontsize-m\" data-elementor-setting-key=\"title\">\n\t\t\t\t\t\t\t\t<br \/>\nDa\u011f\u0131t\u0131m Kanallar\u0131\t\t\t\t\t\t<\/h4>\n\t\t\t\t\t\n\t\t\t\t\t<div class=\"info-box-inner reset-last-child\"data-elementor-setting-key=\"content\"><\/div>\n\n\t\t\t\t\t\t\t\t\t<\/div>\n\n\t\t\t\t\t\t\t<\/div>\n\t\t<\/div>\n\t\t\t\t\t\t<\/div>\n\t\t\t\t<\/div>\n\t\t\t\t<div class=\"elementor-element elementor-element-51c7f63 elementor-invisible elementor-widget elementor-widget-wd_infobox\" data-id=\"51c7f63\" data-element_type=\"widget\" data-e-type=\"widget\" data-settings=\"{&quot;_animation&quot;:&quot;fadeIn&quot;,&quot;_animation_delay&quot;:400}\" data-widget_type=\"wd_infobox.default\">\n\t\t\t\t<div class=\"elementor-widget-container\">\n\t\t\t\t\t\t\t<div class=\"info-box-wrapper\">\n\t\t\t<div class=\"wd-info-box text-center box-icon-align-left box-style-border color-scheme-dark wd-items-top\">\n\t\t\t\t\t\t\t\t\t<div class=\"box-icon-wrapper  box-with-icon box-icon-simple\">\n\t\t\t\t\t\t<div class=\"info-box-icon\">\n\t\t\t\t\t\t\t\t\t\t\t\t\t\t\t<img loading=\"lazy\" decoding=\"async\" width=\"200\" height=\"200\" src=\"https:\/\/ayshenia.com\/tr\/wp-content\/uploads\/2022\/02\/genel_pazarlama-200x200.png\" class=\"attachment-200x200 size-200x200\" alt=\"\" srcset=\"https:\/\/ayshenia.com\/tr\/wp-content\/uploads\/2022\/02\/genel_pazarlama-200x200.png 200w, https:\/\/ayshenia.com\/tr\/wp-content\/uploads\/2022\/02\/genel_pazarlama-150x150.png 150w, https:\/\/ayshenia.com\/tr\/wp-content\/uploads\/2022\/02\/genel_pazarlama.png 250w\" sizes=\"auto, (max-width: 200px) 100vw, 200px\" \/>\t\t\t\t\t\t\t\t\t\t\t\t\t<\/div>\n\t\t\t\t\t<\/div>\n\t\t\t\t\n\t\t\t\t<div class=\"info-box-content\">\n\t\t\t\t\t\n\t\t\t\t\t\t\t\t\t\t\t<h4\t\t\t\t\t\tclass=\"info-box-title title box-title-style-default wd-fontsize-m\" data-elementor-setting-key=\"title\">\n\t\t\t\t\t\t\t\t<br \/>\n<br \/>\nGenel Pazarlama Hedefleri ve Stratejileri Konumland\u0131rma Stratejileri<br \/>\n<br \/>\n\t\t\t\t\t\t<\/h4>\n\t\t\t\t\t\n\t\t\t\t\t<div class=\"info-box-inner reset-last-child\"data-elementor-setting-key=\"content\"><\/div>\n\n\t\t\t\t\t\t\t\t\t<\/div>\n\n\t\t\t\t\t\t\t<\/div>\n\t\t<\/div>\n\t\t\t\t\t\t<\/div>\n\t\t\t\t<\/div>\n\t\t\t\t\t<\/div>\n\t\t<\/div>\n\t\t\t\t<div class=\"elementor-column elementor-col-33 elementor-inner-column elementor-element elementor-element-38e1fcf9\" data-id=\"38e1fcf9\" data-element_type=\"column\" data-e-type=\"column\">\n\t\t\t<div class=\"elementor-widget-wrap elementor-element-populated\">\n\t\t\t\t\t\t<div class=\"elementor-element elementor-element-353a4b3c elementor-invisible elementor-widget elementor-widget-wd_infobox\" data-id=\"353a4b3c\" data-element_type=\"widget\" data-e-type=\"widget\" data-settings=\"{&quot;_animation&quot;:&quot;fadeIn&quot;,&quot;_animation_delay&quot;:600}\" data-widget_type=\"wd_infobox.default\">\n\t\t\t\t<div class=\"elementor-widget-container\">\n\t\t\t\t\t\t\t<div class=\"info-box-wrapper\">\n\t\t\t<div class=\"wd-info-box text-center box-icon-align-left box-style-border color-scheme-dark wd-items-top\">\n\t\t\t\t\t\t\t\t\t<div class=\"box-icon-wrapper  box-with-icon box-icon-simple\">\n\t\t\t\t\t\t<div class=\"info-box-icon\">\n\t\t\t\t\t\t\t\t\t\t\t\t\t\t\t<img loading=\"lazy\" decoding=\"async\" width=\"200\" height=\"200\" src=\"https:\/\/ayshenia.com\/tr\/wp-content\/uploads\/2022\/02\/fiyatlandirma_stratejileri-200x200.png\" class=\"attachment-200x200 size-200x200\" alt=\"\" srcset=\"https:\/\/ayshenia.com\/tr\/wp-content\/uploads\/2022\/02\/fiyatlandirma_stratejileri-200x200.png 200w, https:\/\/ayshenia.com\/tr\/wp-content\/uploads\/2022\/02\/fiyatlandirma_stratejileri-150x150.png 150w, https:\/\/ayshenia.com\/tr\/wp-content\/uploads\/2022\/02\/fiyatlandirma_stratejileri.png 250w\" sizes=\"auto, (max-width: 200px) 100vw, 200px\" \/>\t\t\t\t\t\t\t\t\t\t\t\t\t<\/div>\n\t\t\t\t\t<\/div>\n\t\t\t\t\n\t\t\t\t<div class=\"info-box-content\">\n\t\t\t\t\t\n\t\t\t\t\t\t\t\t\t\t\t<h4\t\t\t\t\t\tclass=\"info-box-title title box-title-style-default wd-fontsize-m\" data-elementor-setting-key=\"title\">\n\t\t\t\t\t\t\t\tFiyatland\u0131rma Stratejileri\t\t\t\t\t\t<\/h4>\n\t\t\t\t\t\n\t\t\t\t\t<div class=\"info-box-inner reset-last-child\"data-elementor-setting-key=\"content\"><\/div>\n\n\t\t\t\t\t\t\t\t\t<\/div>\n\n\t\t\t\t\t\t\t<\/div>\n\t\t<\/div>\n\t\t\t\t\t\t<\/div>\n\t\t\t\t<\/div>\n\t\t\t\t<div class=\"elementor-element elementor-element-68b86c81 elementor-invisible elementor-widget elementor-widget-wd_infobox\" data-id=\"68b86c81\" data-element_type=\"widget\" data-e-type=\"widget\" data-settings=\"{&quot;_animation&quot;:&quot;fadeIn&quot;,&quot;_animation_delay&quot;:500}\" data-widget_type=\"wd_infobox.default\">\n\t\t\t\t<div class=\"elementor-widget-container\">\n\t\t\t\t\t\t\t<div class=\"info-box-wrapper\">\n\t\t\t<div class=\"wd-info-box text-center box-icon-align-left box-style-border color-scheme-dark wd-items-top\">\n\t\t\t\t\t\t\t\t\t<div class=\"box-icon-wrapper  box-with-icon box-icon-simple\">\n\t\t\t\t\t\t<div class=\"info-box-icon\">\n\t\t\t\t\t\t\t\t\t\t\t\t\t\t\t<img loading=\"lazy\" decoding=\"async\" width=\"200\" height=\"200\" src=\"https:\/\/ayshenia.com\/tr\/wp-content\/uploads\/2022\/02\/denetim_strateji_pazarlama-200x200.png\" class=\"attachment-200x200 size-200x200\" alt=\"\" srcset=\"https:\/\/ayshenia.com\/tr\/wp-content\/uploads\/2022\/02\/denetim_strateji_pazarlama-200x200.png 200w, https:\/\/ayshenia.com\/tr\/wp-content\/uploads\/2022\/02\/denetim_strateji_pazarlama-150x150.png 150w, https:\/\/ayshenia.com\/tr\/wp-content\/uploads\/2022\/02\/denetim_strateji_pazarlama.png 250w\" sizes=\"auto, (max-width: 200px) 100vw, 200px\" \/>\t\t\t\t\t\t\t\t\t\t\t\t\t<\/div>\n\t\t\t\t\t<\/div>\n\t\t\t\t\n\t\t\t\t<div class=\"info-box-content\">\n\t\t\t\t\t\n\t\t\t\t\t\t\t\t\t\t\t<h4\t\t\t\t\t\tclass=\"info-box-title title box-title-style-default wd-fontsize-m\" data-elementor-setting-key=\"title\">\n\t\t\t\t\t\t\t\tDe\u011ferlendirme ve Kontrol Prosed\u00fcrleri Pazarlama\t\t\t\t\t\t<\/h4>\n\t\t\t\t\t\n\t\t\t\t\t<div class=\"info-box-inner reset-last-child\"data-elementor-setting-key=\"content\"><p><span style=\"color: #eb8800;\"><strong>Denetim<\/strong><\/span><\/p>\n<p><span style=\"color: #eb8800;\"><strong>B\u00fct\u00e7eler<\/strong><\/span><\/p>\n<p><span style=\"color: #eb8800;\"><strong>Misyon<\/strong><\/span><\/p>\n<p><span style=\"color: #eb8800;\"><strong>Kar\u0131\u015f\u0131m<\/strong><\/span><\/p>\n<\/div>\n\n\t\t\t\t\t\t\t\t\t<\/div>\n\n\t\t\t\t\t\t\t<\/div>\n\t\t<\/div>\n\t\t\t\t\t\t<\/div>\n\t\t\t\t<\/div>\n\t\t\t\t\t<\/div>\n\t\t<\/div>\n\t\t\t\t\t<\/div>\n\t\t<\/section>\n\t\t\t\t<section class=\"wd-negative-gap elementor-section elementor-inner-section elementor-element elementor-element-8e4eae9 elementor-section-boxed elementor-section-height-default elementor-section-height-default\" data-id=\"8e4eae9\" data-element_type=\"section\" data-e-type=\"section\">\n\t\t\t\t\t\t<div class=\"elementor-container elementor-column-gap-default\">\n\t\t\t\t\t<div class=\"elementor-column elementor-col-100 elementor-inner-column elementor-element elementor-element-7deb96c\" data-id=\"7deb96c\" data-element_type=\"column\" data-e-type=\"column\" data-settings=\"{&quot;animation&quot;:&quot;none&quot;}\">\n\t\t\t<div class=\"elementor-widget-wrap elementor-element-populated\">\n\t\t\t\t\t\t<div class=\"elementor-element elementor-element-18b7e5d elementor-invisible elementor-widget elementor-widget-wd_infobox\" data-id=\"18b7e5d\" data-element_type=\"widget\" data-e-type=\"widget\" data-settings=\"{&quot;_animation&quot;:&quot;fadeIn&quot;,&quot;_animation_delay&quot;:100}\" data-widget_type=\"wd_infobox.default\">\n\t\t\t\t<div class=\"elementor-widget-container\">\n\t\t\t\t\t\t\t<div class=\"info-box-wrapper\">\n\t\t\t<div class=\"wd-info-box text-center box-icon-align-left box-style-border color-scheme-dark wd-items-top\">\n\t\t\t\t\t\t\t\t\t<div class=\"box-icon-wrapper  box-with-icon box-icon-simple\">\n\t\t\t\t\t\t<div class=\"info-box-icon\">\n\t\t\t\t\t\t\t\t\t\t\t\t\t\t\t<img loading=\"lazy\" decoding=\"async\" width=\"250\" height=\"250\" src=\"https:\/\/ayshenia.com\/tr\/wp-content\/uploads\/2022\/02\/urun_ve_marka_stratejileri.png\" class=\"attachment-250x250 size-250x250\" alt=\"\" srcset=\"https:\/\/ayshenia.com\/tr\/wp-content\/uploads\/2022\/02\/urun_ve_marka_stratejileri.png 250w, https:\/\/ayshenia.com\/tr\/wp-content\/uploads\/2022\/02\/urun_ve_marka_stratejileri-150x150.png 150w\" sizes=\"auto, (max-width: 250px) 100vw, 250px\" \/>\t\t\t\t\t\t\t\t\t\t\t\t\t<\/div>\n\t\t\t\t\t<\/div>\n\t\t\t\t\n\t\t\t\t<div class=\"info-box-content\">\n\t\t\t\t\t\n\t\t\t\t\t\t\t\t\t\t\t<h4\t\t\t\t\t\tclass=\"info-box-title title box-title-style-default wd-fontsize-m\" data-elementor-setting-key=\"title\">\n\t\t\t\t\t\t\t\t\u00dcr\u00fcn ve marka stratejileri\t\t\t\t\t\t<\/h4>\n\t\t\t\t\t\n\t\t\t\t\t<div class=\"info-box-inner reset-last-child\"data-elementor-setting-key=\"content\"><p>Pazarlama faaliyetlerinin markaya katk\u0131s\u0131, ba\u015far\u0131l\u0131 bir marka alg\u0131s\u0131 olu\u015fturmada etkilidir. \u00dcr\u00fcn ve hizmetlerin duyulmas\u0131n\u0131, marka bilinirlili\u011fi sa\u011flar. Hedef kitleye ve potansiyel m\u00fc\u015fterilere ula\u015f\u0131lmas\u0131n\u0131n \u00f6n\u00fcn\u00fc a\u00e7ar.<\/p>\n<\/div>\n\n\t\t\t\t\t\t\t\t\t<\/div>\n\n\t\t\t\t\t\t\t<\/div>\n\t\t<\/div>\n\t\t\t\t\t\t<\/div>\n\t\t\t\t<\/div>\n\t\t\t\t\t<\/div>\n\t\t<\/div>\n\t\t\t\t\t<\/div>\n\t\t<\/section>\n\t\t\t\t<section class=\"wd-negative-gap elementor-section elementor-inner-section elementor-element elementor-element-2068f36 elementor-section-boxed elementor-section-height-default elementor-section-height-default\" data-id=\"2068f36\" data-element_type=\"section\" data-e-type=\"section\">\n\t\t\t\t\t\t<div class=\"elementor-container elementor-column-gap-default\">\n\t\t\t\t\t<div class=\"elementor-column elementor-col-100 elementor-inner-column elementor-element elementor-element-60565e2\" data-id=\"60565e2\" data-element_type=\"column\" data-e-type=\"column\">\n\t\t\t<div class=\"elementor-widget-wrap elementor-element-populated\">\n\t\t\t\t\t\t<div class=\"elementor-element elementor-element-af90d22 elementor-invisible elementor-widget elementor-widget-wd_infobox\" data-id=\"af90d22\" data-element_type=\"widget\" data-e-type=\"widget\" data-settings=\"{&quot;_animation&quot;:&quot;fadeIn&quot;,&quot;_animation_delay&quot;:500}\" data-widget_type=\"wd_infobox.default\">\n\t\t\t\t<div class=\"elementor-widget-container\">\n\t\t\t\t\t\t\t<div class=\"info-box-wrapper\">\n\t\t\t<div class=\"wd-info-box text-center box-icon-align-left box-style-border color-scheme-dark wd-items-top\">\n\t\t\t\t\t\t\t\t\t<div class=\"box-icon-wrapper  box-with-icon box-icon-simple\">\n\t\t\t\t\t\t<div class=\"info-box-icon\">\n\t\t\t\t\t\t\t\t\t\t\t\t\t\t\t<img loading=\"lazy\" decoding=\"async\" width=\"250\" height=\"250\" src=\"https:\/\/ayshenia.com\/tr\/wp-content\/uploads\/2022\/02\/iletisim_stratejileri.png\" class=\"attachment-250x250 size-250x250\" alt=\"\" srcset=\"https:\/\/ayshenia.com\/tr\/wp-content\/uploads\/2022\/02\/iletisim_stratejileri.png 250w, https:\/\/ayshenia.com\/tr\/wp-content\/uploads\/2022\/02\/iletisim_stratejileri-150x150.png 150w\" sizes=\"auto, (max-width: 250px) 100vw, 250px\" \/>\t\t\t\t\t\t\t\t\t\t\t\t\t<\/div>\n\t\t\t\t\t<\/div>\n\t\t\t\t\n\t\t\t\t<div class=\"info-box-content\">\n\t\t\t\t\t\n\t\t\t\t\t\t\t\t\t\t\t<h4\t\t\t\t\t\tclass=\"info-box-title title box-title-style-default wd-fontsize-m\" data-elementor-setting-key=\"title\">\n\t\t\t\t\t\t\t\t\u0130leti\u015fim Kanallar\u0131\t\t\t\t\t\t<\/h4>\n\t\t\t\t\t\n\t\t\t\t\t<div class=\"info-box-inner reset-last-child\"data-elementor-setting-key=\"content\"><p><span style=\"color: #eb8800;\"><strong>Sat\u0131\u015f promosyon stratejileri<\/strong><\/span><\/p>\n<p><span style=\"color: #eb8800;\"><strong>\u0130nternet pazarlama stratejileri<\/strong><\/span><\/p>\n<p><span style=\"color: #eb8800;\"><strong>Fuar stratejileri<\/strong><\/span><\/p>\n<p><span style=\"color: #eb8800;\"><strong>Halkla \u0130li\u015fkiler stratejileri<\/strong><\/span><\/p>\n<\/div>\n\n\t\t\t\t\t\t\t\t\t<\/div>\n\n\t\t\t\t\t\t\t<\/div>\n\t\t<\/div>\n\t\t\t\t\t\t<\/div>\n\t\t\t\t<\/div>\n\t\t\t\t\t<\/div>\n\t\t<\/div>\n\t\t\t\t\t<\/div>\n\t\t<\/section>\n\t\t\t\t\t<\/div>\n\t\t<\/div>\n\t\t\t\t\t<\/div>\n\t\t<\/section>\n\t\t\t\t<\/div>\n\t\t","protected":false},"excerpt":{"rendered":"<p>Stratejik Pazarlama ! Fikirleri stratejilere ve stratejileri eyleme d\u00f6n\u00fc\u015ft\u00fcrmek i\u00e7in s\u0131k s\u0131k yap\u0131land\u0131r\u0131lm\u0131\u015f bir Stratejik Pazarlama Plan\u0131 \u00f6neriyoruz. Neden Stratejik<\/p>\n","protected":false},"author":1,"featured_media":0,"parent":0,"menu_order":0,"comment_status":"closed","ping_status":"closed","template":"","meta":{"footnotes":""},"class_list":["post-8625","page","type-page","status-publish","hentry"],"_links":{"self":[{"href":"https:\/\/ayshenia.com\/tr\/wp-json\/wp\/v2\/pages\/8625","targetHints":{"allow":["GET"]}}],"collection":[{"href":"https:\/\/ayshenia.com\/tr\/wp-json\/wp\/v2\/pages"}],"about":[{"href":"https:\/\/ayshenia.com\/tr\/wp-json\/wp\/v2\/types\/page"}],"author":[{"embeddable":true,"href":"https:\/\/ayshenia.com\/tr\/wp-json\/wp\/v2\/users\/1"}],"replies":[{"embeddable":true,"href":"https:\/\/ayshenia.com\/tr\/wp-json\/wp\/v2\/comments?post=8625"}],"version-history":[{"count":24,"href":"https:\/\/ayshenia.com\/tr\/wp-json\/wp\/v2\/pages\/8625\/revisions"}],"predecessor-version":[{"id":9125,"href":"https:\/\/ayshenia.com\/tr\/wp-json\/wp\/v2\/pages\/8625\/revisions\/9125"}],"wp:attachment":[{"href":"https:\/\/ayshenia.com\/tr\/wp-json\/wp\/v2\/media?parent=8625"}],"curies":[{"name":"wp","href":"https:\/\/api.w.org\/{rel}","templated":true}]}}